{"id":35,"date":"2018-03-17T07:50:39","date_gmt":"2018-03-17T05:50:39","guid":{"rendered":"http:\/\/shoeyard.com\/?page_id=35"},"modified":"2018-04-23T07:03:23","modified_gmt":"2018-04-23T05:03:23","slug":"ciljevi-radionice","status":"publish","type":"page","link":"https:\/\/www.srpaleta.com\/sr\/o-radionici\/ciljevi-radionice\/","title":{"rendered":"Ciljevi radionice"},"content":{"rendered":"<p><img loading=\"lazy\" decoding=\"async\" class=\"alignright wp-image-426\" src=\"http:\/\/www.srpaleta.com\/wp-content\/uploads\/2018\/03\/Slika0430-768x1024.jpg\" alt=\"Slika0430\" width=\"500\" height=\"667\" \/><\/p>\n<p>Glavni cilj slikarske radionice \u201ePaleta\u201c je edukacija mladih na polju likovne umjetnosti, a podciljevi koji slu\u017ee ostvarenju glavnog cilja su:<\/p>\n<ul>\n<li>Saradnja sa drugim srodnim udru\u017eenjima iz zemlje i inostranstva na polju likovne umjetnosti,<\/li>\n<li>Izlo\u017ebe i likovne kolonije,<\/li>\n<li>Organizovanje ljetne \u0161kole za djecu i omladinu u dijaspori s ciljem unapre\u0111enja stvarala\u0161tva na polju likovne umjetnosti klasi\u010dnim izu\u010davanjem likovne problematike.<\/li>\n<\/ul>\n","protected":false},"excerpt":{"rendered":"<p>Glavni cilj slikarske radionice \u201ePaleta\u201c je edukacija mladih na polju likovne umjetnosti, a podciljevi koji slu\u017ee ostvarenju glavnog cilja su: Saradnja sa drugim srodnim udru\u017eenjima iz zemlje i inostranstva na polju likovne umjetnosti, Izlo\u017ebe i likovne kolonije, Organizovanje ljetne \u0161kole za djecu i omladinu u dijaspori s ciljem unapre\u0111enja stvarala\u0161tva\u2026<\/p>\n<p> <a class=\"continue-reading-link\" href=\"https:\/\/www.srpaleta.com\/sr\/o-radionici\/ciljevi-radionice\/\"><span>Continue reading<\/span><i class=\"crycon-right-dir\"><\/i><\/a> <\/p>\n","protected":false},"author":1,"featured_media":0,"parent":26,"menu_order":0,"comment_status":"closed","ping_status":"closed","template":"","meta":{"footnotes":""},"class_list":["post-35","page","type-page","status-publish","hentry"],"translation":{"provider":"WPGlobus","version":"3.0.2","language":"sr","enabled_languages":["en","sr","de"],"languages":{"en":{"title":true,"content":true,"excerpt":false},"sr":{"title":true,"content":true,"excerpt":false},"de":{"title":true,"content":true,"excerpt":false}}},"_links":{"self":[{"href":"https:\/\/www.srpaleta.com\/sr\/wp-json\/wp\/v2\/pages\/35","targetHints":{"allow":["GET"]}}],"collection":[{"href":"https:\/\/www.srpaleta.com\/sr\/wp-json\/wp\/v2\/pages"}],"about":[{"href":"https:\/\/www.srpaleta.com\/sr\/wp-json\/wp\/v2\/types\/page"}],"author":[{"embeddable":true,"href":"https:\/\/www.srpaleta.com\/sr\/wp-json\/wp\/v2\/users\/1"}],"replies":[{"embeddable":true,"href":"https:\/\/www.srpaleta.com\/sr\/wp-json\/wp\/v2\/comments?post=35"}],"version-history":[{"count":4,"href":"https:\/\/www.srpaleta.com\/sr\/wp-json\/wp\/v2\/pages\/35\/revisions"}],"predecessor-version":[{"id":193,"href":"https:\/\/www.srpaleta.com\/sr\/wp-json\/wp\/v2\/pages\/35\/revisions\/193"}],"up":[{"embeddable":true,"href":"https:\/\/www.srpaleta.com\/sr\/wp-json\/wp\/v2\/pages\/26"}],"wp:attachment":[{"href":"https:\/\/www.srpaleta.com\/sr\/wp-json\/wp\/v2\/media?parent=35"}],"curies":[{"name":"wp","href":"https:\/\/api.w.org\/{rel}","templated":true}]}}