{"id":29,"date":"2018-03-17T07:47:30","date_gmt":"2018-03-17T05:47:30","guid":{"rendered":"http:\/\/shoeyard.com\/?page_id=29"},"modified":"2018-04-23T07:04:15","modified_gmt":"2018-04-23T05:04:15","slug":"jovo-lalic","status":"publish","type":"page","link":"https:\/\/www.srpaleta.com\/sr\/o-radionici\/jovo-lalic\/","title":{"rendered":"Jovo Lali\u0107"},"content":{"rendered":"<div class=\"MsoNormal\" style=\"text-align: justify;\"><img loading=\"lazy\" decoding=\"async\" class=\"wp-image-28 alignleft\" src=\"http:\/\/www.srpaleta.com\/wp-content\/uploads\/2018\/03\/jovo-lalic.jpg\" alt=\"jovo-lalic\" width=\"512\" height=\"350\" \/>Jovo Lali\u0107, ro\u0111en 1961. godine u Visokom. Primjenjenu umjetnost (slikarski odsjek) zavr\u0161io u Sarajevu. U periodu od 1981. do 1992. bio ilustrator i stalni saradnik sarajevskih Ve\u010dernjih Novina. Osniva\u010d i utemeljiva\u010d slikarske radionice Paleta 2003. godine. Bavi se slikarstvom i pedago\u0161kim radom. Izlagao je na 30 grupnih izlo\u017ebi. Samostalno izlagao 14 puta. U\u010destvovao na brojnim likovnim kolonijama. Zastupljen je u mnogim privatnim kolekcijama \u0161irom svijeta. Dobitnik je priznanja op\u0161tine Zvornik &#8211; zlatna plaketa &#8222;Stanko Nikoli\u0107&#8220; za rad u oblasti kulture u 2011. godini. Osvojio nagradu za najbolji portret na manifestaciji Hiljadu portreta za izlo\u017ebu organizovanu od strane Ministarstva prosvjete i kulture Republike Srpske 2010. godine. 2003. godine u izdanju Srboart-Beograd, u leksikonu Znamenite li\u010dnosti Republike Srpske na<span lang=\"SR\"><span lang=\"SR\">\u0161<\/span><\/span>lo se i ime Jove Lali\u0107a.<\/div>\n","protected":false},"excerpt":{"rendered":"<p>Jovo Lali\u0107, ro\u0111en 1961. godine u Visokom. Primjenjenu umjetnost (slikarski odsjek) zavr\u0161io u Sarajevu. U periodu od 1981. do 1992. bio ilustrator i stalni saradnik sarajevskih Ve\u010dernjih Novina. Osniva\u010d i utemeljiva\u010d slikarske radionice Paleta 2003. godine. Bavi se slikarstvom i pedago\u0161kim radom. Izlagao je na 30 grupnih izlo\u017ebi. Samostalno izlagao\u2026<\/p>\n<p> <a class=\"continue-reading-link\" href=\"https:\/\/www.srpaleta.com\/sr\/o-radionici\/jovo-lalic\/\"><span>Continue reading<\/span><i class=\"crycon-right-dir\"><\/i><\/a> <\/p>\n","protected":false},"author":1,"featured_media":0,"parent":26,"menu_order":0,"comment_status":"closed","ping_status":"closed","template":"","meta":{"footnotes":""},"class_list":["post-29","page","type-page","status-publish","hentry"],"translation":{"provider":"WPGlobus","version":"3.0.2","language":"sr","enabled_languages":["en","sr","de"],"languages":{"en":{"title":true,"content":true,"excerpt":false},"sr":{"title":false,"content":true,"excerpt":false},"de":{"title":false,"content":true,"excerpt":false}}},"_links":{"self":[{"href":"https:\/\/www.srpaleta.com\/sr\/wp-json\/wp\/v2\/pages\/29","targetHints":{"allow":["GET"]}}],"collection":[{"href":"https:\/\/www.srpaleta.com\/sr\/wp-json\/wp\/v2\/pages"}],"about":[{"href":"https:\/\/www.srpaleta.com\/sr\/wp-json\/wp\/v2\/types\/page"}],"author":[{"embeddable":true,"href":"https:\/\/www.srpaleta.com\/sr\/wp-json\/wp\/v2\/users\/1"}],"replies":[{"embeddable":true,"href":"https:\/\/www.srpaleta.com\/sr\/wp-json\/wp\/v2\/comments?post=29"}],"version-history":[{"count":5,"href":"https:\/\/www.srpaleta.com\/sr\/wp-json\/wp\/v2\/pages\/29\/revisions"}],"predecessor-version":[{"id":194,"href":"https:\/\/www.srpaleta.com\/sr\/wp-json\/wp\/v2\/pages\/29\/revisions\/194"}],"up":[{"embeddable":true,"href":"https:\/\/www.srpaleta.com\/sr\/wp-json\/wp\/v2\/pages\/26"}],"wp:attachment":[{"href":"https:\/\/www.srpaleta.com\/sr\/wp-json\/wp\/v2\/media?parent=29"}],"curies":[{"name":"wp","href":"https:\/\/api.w.org\/{rel}","templated":true}]}}