{"id":26,"date":"2018-03-17T07:46:03","date_gmt":"2018-03-17T05:46:03","guid":{"rendered":"http:\/\/shoeyard.com\/?page_id=26"},"modified":"2018-04-23T07:02:57","modified_gmt":"2018-04-23T05:02:57","slug":"o-radionici","status":"publish","type":"page","link":"https:\/\/www.srpaleta.com\/sr\/o-radionici\/","title":{"rendered":"O slikarskoj radionici &#8222;Paleta&#8220; Zvornik"},"content":{"rendered":"<p><img loading=\"lazy\" decoding=\"async\" class=\"wp-image-31 alignright\" src=\"http:\/\/www.srpaleta.com\/wp-content\/uploads\/2018\/03\/radionica-1024x683.jpg\" alt=\"radionica\" width=\"483\" height=\"323\" \/>Slikarska radionica &#8222;Paleta&#8220; je osnovana 4. februara 2003. godine u Zvorniku kao nestrana\u010dka, neprofitabilna i multietni\u010dka organizacija i kao takva je jedina registrovana u zemlji. Njen osniva\u010d je slikar i pedagog <a title=\"Jovo Lali\u0107\" href=\"\/o-radionici\/jovo-lalic\/\">Jovo Lali\u0107<\/a> koji je svoj rad i dugogodi\u0161nje iskustvo u oblasti slikarstva usmjerio prema mladim talentima. Radionica trenutno okuplja 35 \u010dlanova, me\u0111u kojima ima osnovaca, srednjo\u0161kolaca i studenata starosne dobi od 7 do 25 godina. Cilj slikarske radionice &#8222;Paleta&#8220; je edukacija mladih na polju likovne kulture. Naime, radionica je osnovana u svrhu unapre\u0111enja kreativnosti djece i mladih na polju likovne umjetnosti klasi\u010dnim izu\u010davanjem likovne problematike pa kao takva doprinosi razvoju umjetni\u010dkog stvarala\u0161tva kao sastavnog dijela uspje\u0161nog dru\u0161tva. Od osnivanja pa do danas, zahvaljuju\u0107i slikarskoj radionici \u201ePaleta\u201c stvorila se daleko povoljnija klima u kulturi grada, posebno u oblasti likovne kulture. Ona svoj cilj ostvaruje svakodnevnim radom od dva sata tokom deset mjeseci u godini, izlo\u017ebama i u\u010destvovanjem u likovnim kolonijama, dru\u017eenjem i razmjenom iskustava sa srodnim udru\u017eenjima. Rezultat postojanja slikarske radionice su brojne izlo\u017ebe i u\u010de\u0161\u0107e u kolonijama od kojih posebno isti\u010demo:<\/p>\n<ul>\n<li>Zvorni\u010dko kulturno ljeto,<\/li>\n<li>\u0160ama\u010dka kulturna jesen,<\/li>\n<li>Banja Vru\u0107ica,<\/li>\n<li>Kumbor-pri Fondu za dje\u010diju za\u0161titu,<\/li>\n<li>Vukov Tr\u0161i\u0107,<\/li>\n<li>Radionica \u201eKoraci\u201c pri Ministarstvu prosvjete i kulture RS,<\/li>\n<li>Bijeljinsko bijenale,<\/li>\n<li>Izlo\u017eba u Parlamentarnoj skup\u0161tini BiH na temu \u201eMe\u0111unarodna za\u0161tita dje\u010dijih prava\u201c,<\/li>\n<li>Kolonija u Budimpe\u0161ti na temu \u201eDani Dunava\u201c,<\/li>\n<li>Kolonija u partnerstvu sa nevladinom organizacijom \u201eDobri Medo\u201c, i<\/li>\n<li>Kolonija podr\u017eana od OSCE-a pri realizaciji projekta \u201e\u0160ta predrasude ne vide\u201c.<\/li>\n<\/ul>\n<p><img loading=\"lazy\" decoding=\"async\" class=\"alignleft wp-image-35 size-full\" src=\"http:\/\/www.srpaleta.com\/wp-content\/uploads\/2018\/03\/radionica-21.jpg\" alt=\"radionica-2\" width=\"500\" height=\"375\" \/>U\u010denici su za svoj rad dobijali individualne nagrade, zahvalnice, diplome i povelje, a najzna\u010dajnije su prvo mjesto i nagrada Dejanu Vidakovi\u0107u i drugo mjesto i nagrada Ines Glava\u0161 u radionici &#8222;Koraci&#8220; u Banja Luci, kao i prvo mjesto i nagrada Dajani Mitrovi\u0107 koja je predstavljala BiH u Budimpe\u0161ti na Me\u0111unarodnoj izlo\u017ebi &#8222;Dani Dunava&#8220;. Uspjeh radionice se ogleda i u tome \u0161to se veliki broj njenih \u010dlanova na\u0161ao u srednjim i vi\u0161im umjetni\u010dkim \u0161kolama i fakultetima. Neki od njih su se naro\u010dito istakli. Kristina Jovanovi\u0107 je osvojila prvu nagradu u Rimu 2011. godine u sklopu projekta &#8222;Hope Japan Poster&#8220;. Isti plakat sa kojim je osvojila prvu nagradu u Rimu je u Dizeldorfu progla\u0161en za jedan od \u0161est najboljih zahvaljuju\u0107i \u010demu je dobio priliku da u sklopu projekta &#8222;Project Sunshine for Japan&#8220; bude izlo\u017een u Tokiju i Kelnu. Posebno treba ista\u0107i i to da je Ministarstvo prosvjete i kulture RS vi\u0161e puta ukazalo povjerenje SR &#8222;Paleta&#8220; a naro\u010dito time \u0161to je zahvaljuju\u0107i njenim aktivnostima proglasilo Zvornik op\u0161tinom od posebnog kulturnog zna\u010daja kako za lokalnu zajednicu tako i za region, a i \u0161ire.<\/p>\n","protected":false},"excerpt":{"rendered":"<p>Slikarska radionica &#8222;Paleta&#8220; je osnovana 4. februara 2003. godine u Zvorniku kao nestrana\u010dka, neprofitabilna i multietni\u010dka organizacija i kao takva je jedina registrovana u zemlji. Njen osniva\u010d je slikar i pedagog Jovo Lali\u0107 koji je svoj rad i dugogodi\u0161nje iskustvo u oblasti slikarstva usmjerio prema mladim talentima. Radionica trenutno okuplja\u2026<\/p>\n<p> <a class=\"continue-reading-link\" href=\"https:\/\/www.srpaleta.com\/sr\/o-radionici\/\"><span>Continue reading<\/span><i class=\"crycon-right-dir\"><\/i><\/a> <\/p>\n","protected":false},"author":1,"featured_media":0,"parent":0,"menu_order":0,"comment_status":"closed","ping_status":"closed","template":"","meta":{"footnotes":""},"class_list":["post-26","page","type-page","status-publish","hentry"],"translation":{"provider":"WPGlobus","version":"3.0.2","language":"sr","enabled_languages":["en","sr","de"],"languages":{"en":{"title":true,"content":true,"excerpt":false},"sr":{"title":true,"content":true,"excerpt":false},"de":{"title":true,"content":true,"excerpt":false}}},"_links":{"self":[{"href":"https:\/\/www.srpaleta.com\/sr\/wp-json\/wp\/v2\/pages\/26","targetHints":{"allow":["GET"]}}],"collection":[{"href":"https:\/\/www.srpaleta.com\/sr\/wp-json\/wp\/v2\/pages"}],"about":[{"href":"https:\/\/www.srpaleta.com\/sr\/wp-json\/wp\/v2\/types\/page"}],"author":[{"embeddable":true,"href":"https:\/\/www.srpaleta.com\/sr\/wp-json\/wp\/v2\/users\/1"}],"replies":[{"embeddable":true,"href":"https:\/\/www.srpaleta.com\/sr\/wp-json\/wp\/v2\/comments?post=26"}],"version-history":[{"count":8,"href":"https:\/\/www.srpaleta.com\/sr\/wp-json\/wp\/v2\/pages\/26\/revisions"}],"predecessor-version":[{"id":192,"href":"https:\/\/www.srpaleta.com\/sr\/wp-json\/wp\/v2\/pages\/26\/revisions\/192"}],"wp:attachment":[{"href":"https:\/\/www.srpaleta.com\/sr\/wp-json\/wp\/v2\/media?parent=26"}],"curies":[{"name":"wp","href":"https:\/\/api.w.org\/{rel}","templated":true}]}}