{"id":22,"date":"2018-03-17T07:44:27","date_gmt":"2018-03-17T05:44:27","guid":{"rendered":"http:\/\/shoeyard.com\/?page_id=22"},"modified":"2018-04-23T06:58:49","modified_gmt":"2018-04-23T04:58:49","slug":"izlozbe-kolonije","status":"publish","type":"page","link":"https:\/\/www.srpaleta.com\/sr\/izlozbe-kolonije\/","title":{"rendered":"Izlo\u017ebe i kolonije"},"content":{"rendered":"<p><strong><img loading=\"lazy\" decoding=\"async\" class=\"alignright wp-image-466\" title=\"Slikarska radionica \" src=\"http:\/\/www.srpaleta.com\/wp-content\/uploads\/2018\/03\/paleta-seka-izlozbe-kolonije.jpg\" alt=\"paleta-seka-izlozbe-kolonije\" width=\"480\" height=\"722\" \/>Izlo\u017ebe:<\/strong><\/p>\n<ul>\n<li>Kolektivne izlo\u017ebe vojvo\u0111anskih slikara sa \u010dlanovima slikarske radionice \u201ePaleta\u201c:\n<ul>\n<li>Savremena galerija narodnog muzeja Kikinda, 2004.<\/li>\n<li>Stari prostor Novi Sad, 2004.<\/li>\n<li>Dru\u0161tvo knji\u017eevnika Vojvodine, Novi Sad, 2005.<\/li>\n<li>Kulturni centar Futog, 2005.<\/li>\n<\/ul>\n<\/li>\n<\/ul>\n<ul>\n<li>Samostalne izlo\u017ebe \u010dlanova slikarske radionice \u201ePaleta\u201c:\n<ul>\n<li>Muzej Semberija Bijeljina, 2003.<\/li>\n<li>Narodna biblioteka Vlasenica, 2004.<\/li>\n<li>Sajam namje\u0161taja, 2006.<\/li>\n<li>Muzejska zbirka Kasina, Zvornik ,2005.<\/li>\n<li>Dom kulture Boksit Mili\u0107i, 2006.<\/li>\n<\/ul>\n<ul>\n<li>Zvorni\u010dko kulturno ljeto, 2003-2013. \u2013 Izlo\u017eba radova (slika, crte\u017ea) \u010dlanova slikarske radionice, nastalih tokom Zvorni\u010dkog kulturnog ljeta (u parku, na platou ispred gradske biblioteke, u osnovnoj \u0161koli \u201eSveti sava\u201c, u Muzeju, Domu kulture).<\/li>\n<li>\u0160ama\u010dka kulturna jesen, 2003-2005. \u2013 Kolektivna izlo\u017eba \u010dlanova slikarske radionice sa slikarima iz zemlje i inostranstva.<\/li>\n<\/ul>\n<ul>\n<li>Dom kulture Ugljevik, 2006.<\/li>\n<li>Fabrika glinice Bira\u010d, Zvornik, 2007-2010.<\/li>\n<\/ul>\n<\/li>\n<\/ul>\n<ul>\n<li>Banja Vru\u0107ica, 2006-2012. \u2013 Kolektivna izlo\u017eba \u010dlanova slikarske radionice sa slikarima iz zemlje i inostranstva. (<a href=\"\/flagallery\/banja-vrucica-teslic\/\">fotografije sa izlo\u017ebe<\/a>)<\/li>\n<li>Ministarstvo prosvjete i kulture Republike Srpske, Banja Luka, 2008-2012. \u2013 Kolektivna izlo\u017eba \u010dlanova slikarske radionice sa u\u010denicima osnovnih, srednjih \u0161kola i fakulteta iz RS. (<a href=\"\/flagallery\/koraci\/\">fotografije sa izlo\u017ebe<\/a>)<\/li>\n<li>Bijeljinsko bijenale, Muzej Semberija, 2008, 2010, 2012. \u2013 Kolektivna izlo\u017eba \u010dlanova slikarske radionice sa slikarima profesionalcima i amaterima. (<a title=\"Bijeljinsko bijenale\" href=\"\/flagallery\/bijeljinsko-bijenale\/\">fotografije sa izlo\u017ebe<\/a>)<\/li>\n<li>Parlamentarna skup\u0161tina BiH, Sarajevo, 2009. \u2013 Izlo\u017eba \u010dlanova slikarske radionice u Parlamentarnoj skup\u0161tini BiH povodom obilje\u017eavanja dana Me\u0111unarodne za\u0161tite dje\u010dijih prava.<\/li>\n<\/ul>\n<ul>\n<li>Samostalne izlo\u017ebe \u010dlanova slikarske radionice, izlaganje projekata \u201e<a title=\"\u201cKa\u017ei mi bubo kako da te zovem\u201d\" href=\"\/projekat-kazi-mi-bubo-kako-da-te-zovem\/\">Ka\u017ei mi bubo kako da te zovem<\/a>\u201e, \u201e<a title=\"\u201cU \u010dast velikana, od Andri\u0107a do Kusturice\u201d\" href=\"\/u-cast-velikana-od-andrica-do-kusturice\/\">U \u010dast velikana, od Andri\u0107a do Kusturice<\/a>\u201c i \u201e<a href=\"\/projekat-romi\/\">neumorniromi<\/a>\u201e:\n<ul>\n<li>Izlo\u017eba u galeriji JU centra za kulturu Semberija, Bijeljina, 2012. i 2013.<\/li>\n<li>Kulturni centar Doboj, 2013.<\/li>\n<li>Knez Mihailova \u2013 Beograd, 9.9.2014. (<a href=\"\/flagallery\/beograd-2014\/\">fotografije sa izlo\u017ebe<\/a>)<\/li>\n<li>Zmaj Jovina \u2013 Novi Sad, 10.9.2014 (<a href=\"\/flagallery\/novi-sad-2014\/\">fotografije sa izlo\u017ebe<\/a>)<\/li>\n<\/ul>\n<\/li>\n<\/ul>\n<p><strong>Kolonije:<\/strong><\/p>\n<ul>\n<li>Zvorni\u010dko ljeto, 2003-2013.<\/li>\n<li>Banja Vru\u0107ica, 2006-2012.<\/li>\n<li>\u0160ama\u010dka kulturna jesen, 2003-2005.<\/li>\n<li>Kumbor, 2004. \u2013 Slikarska kolonija na kojoj su u\u010destvovali \u010dlanovi SR \u201ePaleta\u201c, organizovana uz pomo\u0107 Fonda za dje\u010diju za\u0161titu RS.<\/li>\n<li>Vukov Tr\u0161i\u0107, 2004-2013. \u2013 Slikarska kolonija na kojoj su u\u010destvovali \u010dlanovi radionice sa osnovcima i srednjo\u0161kolcima iz Srbije i Republike Srpske.<\/li>\n<li>Likovna radionica Koraci, 2009-2012.<\/li>\n<li>Dani Dunava, Budimpe\u0161ta, 2009. \u2013 Predstavljanje BiH na Me\u0111unarodnoj koloniji i izlo\u017ebi \u201eDani Dunava\u201c u Budimpe\u0161ti. (<a title=\"Dani Dunava, Budimpe\u0161ta\" href=\"\/flagallery\/dani-dunava-budimpesta\/\">fotografije sa izlo\u017ebe<\/a>)<\/li>\n<li>Realizacija OSCE-ovog projekta \u201c\u0160ta predrasude ne vide\u201d, 2013.<\/li>\n<li>Kolonije na kojima su u\u010destvovali \u010dlanovi slikarske radionice sa brojnim slikarima iz zemlje i inostranstva:\n<ul>\n<li>Golubinci \u201eVodica\u201c, 2012.<\/li>\n<li>Obojeni programi, Pali\u0107, 2013. (<a title=\"Obojeni programi, Pali\u0107, 2013\" href=\"\/flagallery\/obojeni-programi-palic-2013\/\">fotografije sa izlo\u017ebe<\/a>)<\/li>\n<li>Me\u0111unarodna umjetni\u010dka kolonija \u201eBrodac \u2013 Dvorovi \u2013 Bijeljina\u201c, 2011-2013. (<a title=\"Me\u0111unarodna umjetni\u010dka kolonija \u201cBrodac \u2013 Dvorovi \u2013 Bijeljina\u201d\" href=\"\/flagallery\/medunarodna-umjetnicka-kolonija-brodac-dvorovi-bijeljina\/\">fotografije sa izlo\u017ebe<\/a>)<\/li>\n<\/ul>\n<\/li>\n<\/ul>\n","protected":false},"excerpt":{"rendered":"<p>Izlo\u017ebe: Kolektivne izlo\u017ebe vojvo\u0111anskih slikara sa \u010dlanovima slikarske radionice \u201ePaleta\u201c: Savremena galerija narodnog muzeja Kikinda, 2004. Stari prostor Novi Sad, 2004. Dru\u0161tvo knji\u017eevnika Vojvodine, Novi Sad, 2005. Kulturni centar Futog, 2005. Samostalne izlo\u017ebe \u010dlanova slikarske radionice \u201ePaleta\u201c: Muzej Semberija Bijeljina, 2003. Narodna biblioteka Vlasenica, 2004. Sajam namje\u0161taja, 2006. Muzejska zbirka\u2026<\/p>\n<p> <a class=\"continue-reading-link\" href=\"https:\/\/www.srpaleta.com\/sr\/izlozbe-kolonije\/\"><span>Continue reading<\/span><i class=\"crycon-right-dir\"><\/i><\/a> <\/p>\n","protected":false},"author":1,"featured_media":0,"parent":0,"menu_order":0,"comment_status":"closed","ping_status":"closed","template":"","meta":{"footnotes":""},"class_list":["post-22","page","type-page","status-publish","hentry"],"translation":{"provider":"WPGlobus","version":"3.0.2","language":"sr","enabled_languages":["en","sr","de"],"languages":{"en":{"title":true,"content":true,"excerpt":false},"sr":{"title":true,"content":true,"excerpt":false},"de":{"title":true,"content":true,"excerpt":false}}},"_links":{"self":[{"href":"https:\/\/www.srpaleta.com\/sr\/wp-json\/wp\/v2\/pages\/22","targetHints":{"allow":["GET"]}}],"collection":[{"href":"https:\/\/www.srpaleta.com\/sr\/wp-json\/wp\/v2\/pages"}],"about":[{"href":"https:\/\/www.srpaleta.com\/sr\/wp-json\/wp\/v2\/types\/page"}],"author":[{"embeddable":true,"href":"https:\/\/www.srpaleta.com\/sr\/wp-json\/wp\/v2\/users\/1"}],"replies":[{"embeddable":true,"href":"https:\/\/www.srpaleta.com\/sr\/wp-json\/wp\/v2\/comments?post=22"}],"version-history":[{"count":5,"href":"https:\/\/www.srpaleta.com\/sr\/wp-json\/wp\/v2\/pages\/22\/revisions"}],"predecessor-version":[{"id":188,"href":"https:\/\/www.srpaleta.com\/sr\/wp-json\/wp\/v2\/pages\/22\/revisions\/188"}],"wp:attachment":[{"href":"https:\/\/www.srpaleta.com\/sr\/wp-json\/wp\/v2\/media?parent=22"}],"curies":[{"name":"wp","href":"https:\/\/api.w.org\/{rel}","templated":true}]}}