{"id":35,"date":"2018-03-17T07:50:39","date_gmt":"2018-03-17T05:50:39","guid":{"rendered":"http:\/\/shoeyard.com\/?page_id=35"},"modified":"2018-04-23T07:03:23","modified_gmt":"2018-04-23T05:03:23","slug":"ciljevi-radionice","status":"publish","type":"page","link":"https:\/\/www.srpaleta.com\/de\/o-radionici\/ciljevi-radionice\/","title":{"rendered":"Ziele der Werkstatt"},"content":{"rendered":"<p><img loading=\"lazy\" decoding=\"async\" class=\"alignright wp-image-426\" src=\"http:\/\/www.srpaleta.com\/wp-content\/uploads\/2018\/03\/Slika0430-768x1024.jpg\" alt=\"Slika0430\" width=\"500\" height=\"667\" \/><br \/>\nDas Hauptziel der k\u00fcnstlerischen Werkstatt ist Bildung von jungen Leuten auf dem Kunstgebiet und Unterziele, die das Hauptziel realisieren m\u00f6glichen sind:<\/p>\n<ul>\n<li>Die Kooperation mit anderen verwandten Vereinigungen, aus den In- und Ausl\u00e4ndern auf dem Kunstgebiet.<\/li>\n<li>Ausstellungen und Kunstcollagen<\/li>\n<li>Die Organisierung der Sommerscule f\u00fcr die Kinder und Jugendlichen im Ausland mit dem Ziel der Verbesserung der Schaffenskraft auf dem Kunstgebiet mit dem klassischen Erlernen der Kunstproblematik.<\/li>\n<\/ul>\n","protected":false},"excerpt":{"rendered":"<p>Das Hauptziel der k\u00fcnstlerischen Werkstatt ist Bildung von jungen Leuten auf dem Kunstgebiet und Unterziele, die das Hauptziel realisieren m\u00f6glichen sind: Die Kooperation mit anderen verwandten Vereinigungen, aus den In- und Ausl\u00e4ndern auf dem Kunstgebiet. Ausstellungen und Kunstcollagen Die Organisierung der Sommerscule f\u00fcr die Kinder und Jugendlichen im Ausland mit\u2026<\/p>\n<p> <a class=\"continue-reading-link\" href=\"https:\/\/www.srpaleta.com\/de\/o-radionici\/ciljevi-radionice\/\"><span>Continue reading<\/span><i class=\"crycon-right-dir\"><\/i><\/a> <\/p>\n","protected":false},"author":1,"featured_media":0,"parent":26,"menu_order":0,"comment_status":"closed","ping_status":"closed","template":"","meta":{"footnotes":""},"class_list":["post-35","page","type-page","status-publish","hentry"],"translation":{"provider":"WPGlobus","version":"3.0.2","language":"de","enabled_languages":["en","sr","de"],"languages":{"en":{"title":true,"content":true,"excerpt":false},"sr":{"title":true,"content":true,"excerpt":false},"de":{"title":true,"content":true,"excerpt":false}}},"_links":{"self":[{"href":"https:\/\/www.srpaleta.com\/de\/wp-json\/wp\/v2\/pages\/35","targetHints":{"allow":["GET"]}}],"collection":[{"href":"https:\/\/www.srpaleta.com\/de\/wp-json\/wp\/v2\/pages"}],"about":[{"href":"https:\/\/www.srpaleta.com\/de\/wp-json\/wp\/v2\/types\/page"}],"author":[{"embeddable":true,"href":"https:\/\/www.srpaleta.com\/de\/wp-json\/wp\/v2\/users\/1"}],"replies":[{"embeddable":true,"href":"https:\/\/www.srpaleta.com\/de\/wp-json\/wp\/v2\/comments?post=35"}],"version-history":[{"count":4,"href":"https:\/\/www.srpaleta.com\/de\/wp-json\/wp\/v2\/pages\/35\/revisions"}],"predecessor-version":[{"id":193,"href":"https:\/\/www.srpaleta.com\/de\/wp-json\/wp\/v2\/pages\/35\/revisions\/193"}],"up":[{"embeddable":true,"href":"https:\/\/www.srpaleta.com\/de\/wp-json\/wp\/v2\/pages\/26"}],"wp:attachment":[{"href":"https:\/\/www.srpaleta.com\/de\/wp-json\/wp\/v2\/media?parent=35"}],"curies":[{"name":"wp","href":"https:\/\/api.w.org\/{rel}","templated":true}]}}