{"id":29,"date":"2018-03-17T07:47:30","date_gmt":"2018-03-17T05:47:30","guid":{"rendered":"http:\/\/shoeyard.com\/?page_id=29"},"modified":"2018-04-23T07:04:15","modified_gmt":"2018-04-23T05:04:15","slug":"jovo-lalic","status":"publish","type":"page","link":"https:\/\/www.srpaleta.com\/de\/o-radionici\/jovo-lalic\/","title":{"rendered":"Jovo Lali\u0107"},"content":{"rendered":"<div class=\"MsoNormal\" style=\"text-align: justify;\"><span lang=\"SR\"><span lang=\"SR\"><img loading=\"lazy\" decoding=\"async\" class=\"wp-image-28 alignleft\" src=\"http:\/\/www.srpaleta.com\/wp-content\/uploads\/2018\/03\/jovo-lalic.jpg\" alt=\"jovo-lalic\" width=\"512\" height=\"350\" \/>Jovo Lalic ist im Jahr 1961 in Visoko geboren. Die angewandte Kunst (der Lehrstuhl f\u00fcr die Kunst) hat er in Sarajewo beendet. In der Periode zwischen 1981 und 1992 war er Illustrator und der st\u00e4ndige Mitarbeiter der Zeitschriften \u201edie Abendnachrichten\u201c. Der Gr\u00fcnder und Begr\u00fcnder der k\u00fcnstlerischen Werkstatt \u201ePaleta\u201c seit dem 2003 Jahr. Er hat selstst\u00e4ndig 14 Mal ausgestellt. Er hat an zahlreichen Kunstcollagen teilgenommen. Er vetritt durch die verschiedenen Kollektionen \u00fcberall in der Welt. Er ist ein Gewinner des Preises der Stadtgemeinde Zvornik \u201eder goldene Palme- Stanko Nikolic\u201c f\u00fcr die Arbeit im Kunstgebiet f\u00fcr das jahr 2011. Er hat den Preis f\u00fcr den besten Portrait auf der Manifestation \u201eTausende Portraits\u201c f\u00fcr die Ausstellung, die von dem Ministerium der Bildung und Kultur der Republik Srpska im Jahr 2010 und 2011 organisiert wurde, ver\u00f6ffentlicht in Srboart Belgrad, im Lexikon der ber\u00fchmten Pers\u00f6nlichkeiten hat sich auch der Name von Jovo Lalic gefunden.<\/span><\/span><\/div>\n","protected":false},"excerpt":{"rendered":"<p>Jovo Lalic ist im Jahr 1961 in Visoko geboren. Die angewandte Kunst (der Lehrstuhl f\u00fcr die Kunst) hat er in Sarajewo beendet. In der Periode zwischen 1981 und 1992 war er Illustrator und der st\u00e4ndige Mitarbeiter der Zeitschriften \u201edie Abendnachrichten\u201c. Der Gr\u00fcnder und Begr\u00fcnder der k\u00fcnstlerischen Werkstatt \u201ePaleta\u201c seit dem\u2026<\/p>\n<p> <a class=\"continue-reading-link\" href=\"https:\/\/www.srpaleta.com\/de\/o-radionici\/jovo-lalic\/\"><span>Continue reading<\/span><i class=\"crycon-right-dir\"><\/i><\/a> <\/p>\n","protected":false},"author":1,"featured_media":0,"parent":26,"menu_order":0,"comment_status":"closed","ping_status":"closed","template":"","meta":{"footnotes":""},"class_list":["post-29","page","type-page","status-publish","hentry"],"translation":{"provider":"WPGlobus","version":"3.0.2","language":"de","enabled_languages":["en","sr","de"],"languages":{"en":{"title":true,"content":true,"excerpt":false},"sr":{"title":false,"content":true,"excerpt":false},"de":{"title":false,"content":true,"excerpt":false}}},"_links":{"self":[{"href":"https:\/\/www.srpaleta.com\/de\/wp-json\/wp\/v2\/pages\/29","targetHints":{"allow":["GET"]}}],"collection":[{"href":"https:\/\/www.srpaleta.com\/de\/wp-json\/wp\/v2\/pages"}],"about":[{"href":"https:\/\/www.srpaleta.com\/de\/wp-json\/wp\/v2\/types\/page"}],"author":[{"embeddable":true,"href":"https:\/\/www.srpaleta.com\/de\/wp-json\/wp\/v2\/users\/1"}],"replies":[{"embeddable":true,"href":"https:\/\/www.srpaleta.com\/de\/wp-json\/wp\/v2\/comments?post=29"}],"version-history":[{"count":5,"href":"https:\/\/www.srpaleta.com\/de\/wp-json\/wp\/v2\/pages\/29\/revisions"}],"predecessor-version":[{"id":194,"href":"https:\/\/www.srpaleta.com\/de\/wp-json\/wp\/v2\/pages\/29\/revisions\/194"}],"up":[{"embeddable":true,"href":"https:\/\/www.srpaleta.com\/de\/wp-json\/wp\/v2\/pages\/26"}],"wp:attachment":[{"href":"https:\/\/www.srpaleta.com\/de\/wp-json\/wp\/v2\/media?parent=29"}],"curies":[{"name":"wp","href":"https:\/\/api.w.org\/{rel}","templated":true}]}}