{"id":26,"date":"2018-03-17T07:46:03","date_gmt":"2018-03-17T05:46:03","guid":{"rendered":"http:\/\/shoeyard.com\/?page_id=26"},"modified":"2018-04-23T07:02:57","modified_gmt":"2018-04-23T05:02:57","slug":"o-radionici","status":"publish","type":"page","link":"https:\/\/www.srpaleta.com\/de\/o-radionici\/","title":{"rendered":"\u00dcber die k\u00fcnstliche Werkstatt \u201ePaleta\u201c Zvornik"},"content":{"rendered":"<p><img loading=\"lazy\" decoding=\"async\" class=\"wp-image-31 alignright\" src=\"http:\/\/www.srpaleta.com\/wp-content\/uploads\/2018\/03\/radionica-1024x683.jpg\" alt=\"radionica\" width=\"483\" height=\"323\" \/>Die K\u00fcnstliche Werkstatt \u201ePaleta\u201c wurde am 4. Februar 2003 in Zvornik gegr\u00fcndet, als nicht- parteiische, nicht- profitable und multiethische Organisation und ist als so eine als einzige in der Republik Srpska registriert. Ihr Begr\u00fcnder ist Maler und Pedagoge <a href=\"\/o-radionici\/jovo-lalic\/\">Jovo Lalic<\/a>, der seine Arbeit und seine langj\u00e4hrige Arbeitserfahrung zu den jungen Talenten gerichtet hat. Die Werkstatt hat zurzeit 35 Mitglieder, zwischen denen auch Grundsch\u00fclern, Obersch\u00fclern und Studenten im Alter zwischen 7 bis 25 Jahren. Das Ziel der k\u00fcnstlerischen Werkstatt \u201ePaleta\u201c ist die Ausbildung von jungen Leuten auf dem Kunstgebiet. N\u00e4hmlich, die k\u00fcnstlerische Werkstatt \u201ePaleta\u201c wurde zum Zweck der F\u00f6rderung der Kreativit\u00e4t von Kindern und jungen Leuten auf dem Kunstgebiet, mit Hilfe der klassischen Untersuchung der Kunstproblematik und so zu einer Entwicklung der Kunstschaffenskraft beitr\u00e4gt, wie ein Bestandteil einer erfolgreichen Gesellschaft. Seit seiner Gr\u00fcndung bis zum heutigen Tage, ist ein viel weiter besseres Klima in der Kulturstadt geschafft wurde, besonders im Kunstgebiet. Sie realisiert ihr Ziel mit der allt\u00e4glichen Arbeit von zwei Stunden jeden Tag neun Monate lang pro Jahr , die Ausstellungen und mit der Teilnahme in Kunstcollagen, mit der Freundschaft und dem Austausch der Ertfahrungen mit anderen verwandten Gesellschaften. Das Ergebnis von Entstehung der k\u00fcnstlerischen Werkstatt sind zahlreiche Ausstallungen und eine Teilnahme auf Collagen, von denen wir besonders folgende betonen m\u00f6chten:<\/p>\n<ul>\n<li>Zvorniker Kultursommer,<\/li>\n<li>Schaman Herbstfestival<\/li>\n<li>Die Therme Vrucica<\/li>\n<li>Kumbor \u2013durch Fond unters\u00fctzte f\u00fcr den Kinderschutz<\/li>\n<li>Trsic Geburtsort von Vuk Stefanovic Karadzic<\/li>\n<li>Die Werkstatt \u201eSchritte\u201c, Misisterium der Kultur und Ausbilung<\/li>\n<li>Bienalle in Bijeljina<\/li>\n<li>Die Ausstellung in der parlamentarischen Versammlung auf das Thema: \u201eInterrnationaller Schutz von Kinderrechten\u201c<\/li>\n<li>Collage in Budapest auf das Thema \u201eDonautage\u201c<\/li>\n<li>Collage mit der Partnerschaft, der nichtregierenden Organisation \u201eder gute B\u00e4r\u201c und<\/li>\n<li>Collage unterst\u00fctzt von OSCD, bei der Realisierung des Projekts \u201e Was Vorurteile nicht sehen\u201c.<\/li>\n<\/ul>\n<p>&nbsp;<br \/>\n<img loading=\"lazy\" decoding=\"async\" class=\"alignleft wp-image-35 size-full\" src=\"http:\/\/www.srpaleta.com\/wp-content\/uploads\/2018\/03\/radionica-21.jpg\" alt=\"radionica-2\" width=\"500\" height=\"375\" \/>Die Teilnehmer haben f\u00fcr Ihre Arbeit individuelle Preise, Dankbriefe, Diploms und Urkunden erworben, und die bedeutenste ist der erste Platz und der Preis f\u00fcr Dejan Vidakovic, und der zweite Platz und der Preisr f\u00fcr Ines Glavas in der Werkstatt \u201eSchritte\u201c in Banja Luka, so wie auch der erste Platz und der Preis f\u00fcr Dajana Mitrovic, die Bosnien und Herzegowina in Budapest auf der internationellen Ausstellung \u201eDonautage\u201c representiert hat. Der Erfolg der Werkstatt ist sichtbar auch dorthin, dass eine Mehrheit von Ihren Mitgliedern in den Obern- und Hochkunstschulen und Universit\u00e4ten gefunden hat. Einige von Ihnen haben sich mehrmals hervorgetan. Kristina Jovanovic hat den ersten Preis in Rom im Jahr 2011 gewonnen im Projekt \u201eHope Japan Prsten\u201c. Das gleiche Plakat mit dem sie den ersten Preis in Rom gewonnen hat, wurde auch in D\u00fcsseldorf dargestellt und wurde dort von einer der sechs besten verk\u00fcndigt, dank es eine Gelegenheit erworben hat, dass als ein Teil des Projektes \u201eProject sunshine f\u00fcr Japan\u201c wurde auch in Tokio und in K\u00f6ln dargestellt. Besonders soll man betonen, dass das Minusterium f\u00fcr Bildung und der Kultur der Republik Srpska ihr Vertrauen in die k\u00fcnstlerische Werkstatt \u201ePaleta\u201c gegeben hat, und besonders damit, dass sie dank ihren Aktivit\u00e4ten die Stadtgemeinde Zvornik von einer besonderen kulturellen Bedeutung verk\u00fcndigt hat, wie f\u00fcr die Lokalgemeinschaft, so auch f\u00fcr die Region und weiter.<\/p>\n","protected":false},"excerpt":{"rendered":"<p>Die K\u00fcnstliche Werkstatt \u201ePaleta\u201c wurde am 4. Februar 2003 in Zvornik gegr\u00fcndet, als nicht- parteiische, nicht- profitable und multiethische Organisation und ist als so eine als einzige in der Republik Srpska registriert. Ihr Begr\u00fcnder ist Maler und Pedagoge Jovo Lalic, der seine Arbeit und seine langj\u00e4hrige Arbeitserfahrung zu den jungen\u2026<\/p>\n<p> <a class=\"continue-reading-link\" href=\"https:\/\/www.srpaleta.com\/de\/o-radionici\/\"><span>Continue reading<\/span><i class=\"crycon-right-dir\"><\/i><\/a> <\/p>\n","protected":false},"author":1,"featured_media":0,"parent":0,"menu_order":0,"comment_status":"closed","ping_status":"closed","template":"","meta":{"footnotes":""},"class_list":["post-26","page","type-page","status-publish","hentry"],"translation":{"provider":"WPGlobus","version":"3.0.2","language":"de","enabled_languages":["en","sr","de"],"languages":{"en":{"title":true,"content":true,"excerpt":false},"sr":{"title":true,"content":true,"excerpt":false},"de":{"title":true,"content":true,"excerpt":false}}},"_links":{"self":[{"href":"https:\/\/www.srpaleta.com\/de\/wp-json\/wp\/v2\/pages\/26","targetHints":{"allow":["GET"]}}],"collection":[{"href":"https:\/\/www.srpaleta.com\/de\/wp-json\/wp\/v2\/pages"}],"about":[{"href":"https:\/\/www.srpaleta.com\/de\/wp-json\/wp\/v2\/types\/page"}],"author":[{"embeddable":true,"href":"https:\/\/www.srpaleta.com\/de\/wp-json\/wp\/v2\/users\/1"}],"replies":[{"embeddable":true,"href":"https:\/\/www.srpaleta.com\/de\/wp-json\/wp\/v2\/comments?post=26"}],"version-history":[{"count":8,"href":"https:\/\/www.srpaleta.com\/de\/wp-json\/wp\/v2\/pages\/26\/revisions"}],"predecessor-version":[{"id":192,"href":"https:\/\/www.srpaleta.com\/de\/wp-json\/wp\/v2\/pages\/26\/revisions\/192"}],"wp:attachment":[{"href":"https:\/\/www.srpaleta.com\/de\/wp-json\/wp\/v2\/media?parent=26"}],"curies":[{"name":"wp","href":"https:\/\/api.w.org\/{rel}","templated":true}]}}