{"id":22,"date":"2018-03-17T07:44:27","date_gmt":"2018-03-17T05:44:27","guid":{"rendered":"http:\/\/shoeyard.com\/?page_id=22"},"modified":"2018-04-23T06:58:49","modified_gmt":"2018-04-23T04:58:49","slug":"izlozbe-kolonije","status":"publish","type":"page","link":"https:\/\/www.srpaleta.com\/de\/izlozbe-kolonije\/","title":{"rendered":"Ausstellungen und Collagen"},"content":{"rendered":"<p><strong><img loading=\"lazy\" decoding=\"async\" class=\"alignright wp-image-466\" title=\"Slikarska radionica \" src=\"http:\/\/www.srpaleta.com\/wp-content\/uploads\/2018\/03\/paleta-seka-izlozbe-kolonije.jpg\" alt=\"paleta-seka-izlozbe-kolonije\" width=\"480\" height=\"722\" \/>Ausstellungen:<\/strong><\/p>\n<ul>\n<li>Kollektive Austellungen von Malern aus Vojvodina mir den Mitgliedern der k\u00fcnstlerischen Werkstatt \u201ePaleta\u201c aus Zvornik:\n<ul>\n<li>Die moderne Galerie des Volksmuseums Kikinda, 2004.<\/li>\n<li>Der alte Raum Novi Sad.<\/li>\n<li>Die Gesellschaft von Schriftstellern aus Vojvodina, Novi Sad, 2005.<\/li>\n<li>Das Kulturzentrum, Futog, 2005.<\/li>\n<\/ul>\n<\/li>\n<\/ul>\n<ul>\n<li>Die selbstst\u00e4ndige Ausstellungen der Mitglieder von k\u00fcnstlerischen Werkstatt \u201ePaleta\u201c:\n<ul>\n<li>Das Museum Semberia, Bijeljina, 2003.<\/li>\n<li>Die Volksbibliothek, Vlasenica, 2004.<\/li>\n<li>Die M\u00f6belmesse, 2006.<\/li>\n<li>Die Sammlung aus dem Museum, Kasina, Zvornik, 2005.<\/li>\n<li>Das Kulturhaus, Boksit, Milici, 2006.<\/li>\n<li>Zvorniker Kultursommer, 2003-2013. Die Ausstellung von Werken (Gem\u00e4lden und Zeichnungen) von Mitgliedern der k\u00fcnstlerischen Werkstatt, die w\u00e4hrend der Zvorniker Kultursommer entstanden sind ( im Park, auf der Platou vor der Stadtbibliothek, in der Grundschule \u201eSveti Sava\u201c; im Museum oder im Kulturhaus)<\/li>\n<li>Der Schaman Kulturherbst, 2003-2005- kollektive Ausstellung von Mitgliedern der k\u00fcnstlerischen Werkstatt mit Gem\u00e4lden aus In- und Ausland.<\/li>\n<li>Das Kulturhaus, Ugljevik, 2006.<\/li>\n<li>Die Fabrik der Tonerde, Birac, Zvornik, 2007-2010.<\/li>\n<\/ul>\n<\/li>\n<\/ul>\n<ul>\n<li>Der Kurort Vrucica, 2006-2012: Kollektive Ausstellung mit den Mitgliedern der k\u00fcnstlerischen Werkstatt mit den Malern aus In \u2013und Ausl\u00e4ndern. (<a href=\"\/flagallery\/banja-vrucica-teslic\/\">Fotos aus Ausstellung<\/a>)<\/li>\n<li>Das Ministerium f\u00fcr Bildung und Kultur der Republik Srpska, Banja Luka, 2008-2012- kollektive Ausstellung von Mitgliedern der k\u00fcnstlerischen Werkstatt mit den Grundsch\u00fclern und Obersch\u00fclern und Fakult\u00e4ten aus der Republik Srpska. (<a href=\"\/flagallery\/koraci\/\">Fotos aus Ausstellung<\/a>)<\/li>\n<li>Bienalle in Bijeljina, das Museum Semberia, 2008,2010,2012. Kollektive Ausstellung von Mitgliedern der k\u00fcnstlerischen Werkstatt mit Profis und Amateuren. (<a href=\"\/flagallery\/bijeljinsko-bijenale\/\">Fotos aus Ausstellung<\/a>)<\/li>\n<li>Die parlamentarische Versammlung, Bosnia und Herzegowina, Sarajewo, 2009. Die Ausstellung von Mitgliedern der k\u00fcnstlerischen Werkstatt in der parlamentarischen Versammlung von Bosnien und Herzegovina anl\u00e4sslich der Gedenken an ninternationallen Schutz von Kinderrechten.<\/li>\n<\/ul>\n<ul>\n<li>Selbstst\u00e4ndige Ausstellungen von Mitgliedern der k\u00fcnstlerischen Werkstatt und Presentierung von Projekten <a href=\"\/projekat-kazi-mi-bubo-kako-da-te-zovem\/\">\u201eSag mir K\u00e4fer, wie ich dich nennen soll\u201c<\/a>; <a href=\"\/u-cast-velikana-od-andrica-do-kusturice\/\">\u201eIn Ehren an die Grossen, von Andric bis Kusturica\u201c<\/a>; und <a href=\"\/projekat-romi\/\">\u201eUnerm\u00fcndliche Roma\u201c<\/a>:\n<ul>\n<li>Die Ausstellung in der Galerie des jugoslawischen Kulturzentrums Semberia, Bijeljina, 2012 und 2013.<\/li>\n<li>Das Kulturzentrum, Doboj, 2013.<\/li>\n<li>Die Ausstellung in Knez Mihailova Strasse, Belgrad, 2014. (<a href=\"\/flagallery\/beograd-2014\/\">Fotos aus Ausstellung<\/a>)<\/li>\n<li>Die Ausstellung in Zmaj Jovina Strasse, Novi Sad, 2014. (<a href=\"\/flagallery\/novi-sad-2014\/\">Fotos aus Ausstellung<\/a>)<\/li>\n<\/ul>\n<\/li>\n<\/ul>\n<p>&nbsp;<\/p>\n<p><strong>Collagen:<\/strong><\/p>\n<ul>\n<li>Zvorniker Sommer, 2003-2013.<\/li>\n<li>Die Therme, Vrucica, 2006-2012.<\/li>\n<li>Schaman, Kulturherbst, 2003-2005.<\/li>\n<li>Kumbor, 2004- die malerische Kollonie, auf der auch die Mitglieder von \u201ePaleta\u201c teilgenommen haben, die mit der Hilfe des Fonds f\u00fcr den Kinderschutz der Republik Srpska organisiert wurde.<\/li>\n<li>Trsic, Geburstort von Vuk Stefanovic Karadzic- die malerische Kollonie auf der auch die Mitglieder der Werkstatt mit den Grundsch\u00fclern und Obersch\u00fclern aus Serbien und der republik Srpska teilgenommen haben.<\/li>\n<li>Die K\u00fcnstliche Werkstatt: \u201e Schritte\u201c, 2009-2012.<\/li>\n<li>Die Donautage, Budapest, 2009. Presentierung von Bosnien und Herzegowina auf der internationellen Kollonie und Ausstellung \u201eDonautage\u201c in Budapest. (<a href=\"\/flagallery\/dani-dunava-budimpesta\/\">Fotos aus Ausstellung<\/a>)<br \/>\nDie Realisierung der OSCE Projekts: \u201eWas Vorurteile sehen nicht\u201c, 2013.<\/li>\n<li>Kollonien, auf denen zahlreiche Mitglieder von k\u00fcnstlerischen Werkstatt mit den Malern aus In-und Ausland teilgenommen haben:\n<ul>\n<li>Golubinci, \u201eVodica\u201c, 2012.<\/li>\n<li>\u201eDie gefarbten Programmen\u201c, Palic, 2013. (<a href=\"\/flagallery\/obojeni-programi-palic-2013\/\">Fotos aus Ausstellung<\/a>)<\/li>\n<li>Internationelle k\u00fcnstliche Kollonie\u201c, Brodac- Dvorovi- Bijeljina, 2011-2013. (<a href=\"\/flagallery\/medunarodna-umjetnicka-kolonija-brodac-dvorovi-bijeljina\/\">Fotos aus Ausstellung<\/a>)<\/li>\n<\/ul>\n<\/li>\n<\/ul>\n","protected":false},"excerpt":{"rendered":"<p>Ausstellungen: Kollektive Austellungen von Malern aus Vojvodina mir den Mitgliedern der k\u00fcnstlerischen Werkstatt \u201ePaleta\u201c aus Zvornik: Die moderne Galerie des Volksmuseums Kikinda, 2004. Der alte Raum Novi Sad. Die Gesellschaft von Schriftstellern aus Vojvodina, Novi Sad, 2005. Das Kulturzentrum, Futog, 2005. Die selbstst\u00e4ndige Ausstellungen der Mitglieder von k\u00fcnstlerischen Werkstatt \u201ePaleta\u201c:\u2026<\/p>\n<p> <a class=\"continue-reading-link\" href=\"https:\/\/www.srpaleta.com\/de\/izlozbe-kolonije\/\"><span>Continue reading<\/span><i class=\"crycon-right-dir\"><\/i><\/a> <\/p>\n","protected":false},"author":1,"featured_media":0,"parent":0,"menu_order":0,"comment_status":"closed","ping_status":"closed","template":"","meta":{"footnotes":""},"class_list":["post-22","page","type-page","status-publish","hentry"],"translation":{"provider":"WPGlobus","version":"3.0.2","language":"de","enabled_languages":["en","sr","de"],"languages":{"en":{"title":true,"content":true,"excerpt":false},"sr":{"title":true,"content":true,"excerpt":false},"de":{"title":true,"content":true,"excerpt":false}}},"_links":{"self":[{"href":"https:\/\/www.srpaleta.com\/de\/wp-json\/wp\/v2\/pages\/22","targetHints":{"allow":["GET"]}}],"collection":[{"href":"https:\/\/www.srpaleta.com\/de\/wp-json\/wp\/v2\/pages"}],"about":[{"href":"https:\/\/www.srpaleta.com\/de\/wp-json\/wp\/v2\/types\/page"}],"author":[{"embeddable":true,"href":"https:\/\/www.srpaleta.com\/de\/wp-json\/wp\/v2\/users\/1"}],"replies":[{"embeddable":true,"href":"https:\/\/www.srpaleta.com\/de\/wp-json\/wp\/v2\/comments?post=22"}],"version-history":[{"count":5,"href":"https:\/\/www.srpaleta.com\/de\/wp-json\/wp\/v2\/pages\/22\/revisions"}],"predecessor-version":[{"id":188,"href":"https:\/\/www.srpaleta.com\/de\/wp-json\/wp\/v2\/pages\/22\/revisions\/188"}],"wp:attachment":[{"href":"https:\/\/www.srpaleta.com\/de\/wp-json\/wp\/v2\/media?parent=22"}],"curies":[{"name":"wp","href":"https:\/\/api.w.org\/{rel}","templated":true}]}}