{"id":149,"date":"2018-03-21T07:43:13","date_gmt":"2018-03-21T05:43:13","guid":{"rendered":"http:\/\/www.srpaleta.com\/?page_id=149"},"modified":"2025-10-07T01:12:03","modified_gmt":"2025-10-07T08:12:03","slug":"planiram-da-zauvijek-ostanem-dijete","status":"publish","type":"page","link":"https:\/\/www.srpaleta.com\/de\/planiram-da-zauvijek-ostanem-dijete\/","title":{"rendered":"&#8220;I Plan to Remain a Child Forever&#8221;"},"content":{"rendered":"<p>August 4, 2016.<\/p>\n<p>Syria. So far, so close. Far geographically, but close to our children by suffering they are currently going through. Unfortunately, our children had been affected by war decades ago. But unlike our children, Syrian children are born warriors. Destined by their place of birth, they are warriors of dire conflicts which grown ups mercilessly promote and spread while pushing children to war. All kids want is to laugh, play and enjoy their lives if they could. For them, even war became a game. They don&#8217;t understand what&#8217;s going on. Everything is so abstract and complicated for those honest hearts, because grown-ups are trying to make everything very intricate, creepy, overwhelmed with sorrow and suffering. That anxiety is called war. Land of lost children dreams.<\/p>\n<p>And by what did children deserve this? By nothing. Who has the right to ruin innocent children&#8217;s dreams? Nobody.<\/p>\n<p>But the people in the big comfortable armchairs are still ruining children&#8217;s dreams in the core. Each child is born with the right to proper development and growing up, free movement, tolerance, understanding and acceptance. Being black or white, wrong or right, a child with a speech and some other flaw, every child has a right to smile, to a worry-less game, to education, to a meal, warm clothes and a comfortable bed of a warm and cozy home. Every child is the result of grown-ups&#8217; will and is usually born out of love. But even when it is not so, nobody has the right to rip out that smile in its roots, and push the child down the cliff of war.<\/p>\n<p>And they promise us every day&#8230;<\/p>\n<p>Oh how they wash our brains, like we&#8217;re all just little sheep. They lie about how peace in the world is necessary, how the birthrate is the necessity upon which this world has tirelessly to work. If so, why don&#8217;t you do something to put your guns down right now, and get the sound of a fighter plane replaced by some soothing music? If so, why are you cutting our dreams in their roots? If so, why don&#8217;t you have just little mercy for the soft kids&#8217; hearts, which are crying out for little play. Children&#8217;s dream is simple. Turn all the weapons of the world into candy and stuffed bears. The world will be warmer, safer and tastier. And the Syrian kids just want to stay the kids. You&#8230; you&#8230; and you don&#8217;t have the right to make ruin their dreams.<\/p>\n<p>Put the gun down! Put it down! Right now.<\/p>\n<p>On two canvases 2,5m long were presented the children of Syria. Focused on the the smile and the charms of the childhood, painter and pedagogue Jovo Lali\u0107 along with his students Radan Ili\u0107, Ljubica Peri\u0107, Miljan Ili\u0107, An\u0111ela Medi\u0107 and Milo\u0161 Bo\u0161kovi\u0107, presented the world and what is currently happening in an authentic way.<\/p>\n<p>&nbsp;<\/p>\n<style id=\"wp_carousel_dynamic_css224\">.sp-wp-carousel-free-id-224.wpcf-fancybox-wrapper .fancybox-bg{background: #0b0b0b;opacity: 0.8;}.sp-wp-carousel-free-id-224.wpcf-fancybox-wrapper .fancybox-navigation .fancybox-button .wpcp-fancybox-nav-arrow i {color: #ccc;}.sp-wp-carousel-free-id-224.wpcf-fancybox-wrapper .fancybox-navigation .fancybox-button .wpcp-fancybox-nav-arrow i:hover {color: #fff;}.sp-wp-carousel-free-id-224.wpcf-fancybox-wrapper .fancybox-navigation .fancybox-button {background: #1e1e1e;}.sp-wp-carousel-free-id-224.wpcf-fancybox-wrapper .fancybox-navigation .fancybox-button:hover {background: #1e1e1e;}#sp-wp-carousel-free-id-224 .wpcp-swiper-dots {margin: 40px 0px 0px 0px;}.wpcp-wrapper-224 .swiper-wrapper .swiper-slide-kenburn, .wpcp-wrapper-224 .swiper-wrapper, .wpcp-wrapper-224 .wpcpro-row{align-items: center;}#sp-wp-carousel-free-id-224 .wpcp-single-item {box-shadow: 0px 0px 0px 0px #dddddd;transition: all .3s;margin: 0px;}#sp-wp-carousel-free-id-224.swiper-flip .wpcp-single-item{margin: 0!important;}#sp-wp-carousel-free-id-224 .wpcp-single-item:hover {box-shadow: 0px 0px 0px 0px #dddddd;}#sp-wp-carousel-free-id-224.sp-wpcp-224 .wpcp-single-item {border: 1px solid #dddddd;} .wpcp-wrapper-224 .sp-wpcpro-section-title, .postbox .wpcp-wrapper-224 .sp-wpcpro-section-title, #poststuff .wpcp-wrapper-224 .sp-wpcpro-section-title { margin-bottom: 30px; }#sp-wp-carousel-free-id-224.wpcp-carousel-section.sp-wpcp-224 .swiper-button-prev,#sp-wp-carousel-free-id-224.wpcp-carousel-section.sp-wpcp-224 .swiper-button-next,#sp-wp-carousel-free-id-224.wpcp-carousel-section.sp-wpcp-224 .swiper-button-prev:hover,#sp-wp-carousel-free-id-224.wpcp-carousel-section.sp-wpcp-224 .swiper-button-next:hover {font-size: 18px ; font-weight: 400;}#sp-wp-carousel-free-id-224.sp-wpcp-224 .swiper-button-prev,#sp-wp-carousel-free-id-224.sp-wpcp-224 .swiper-button-next,#sp-wp-carousel-free-id-224.sp-wpcp-224 .swiper-button-prev:hover,#sp-wp-carousel-free-id-224.sp-wpcp-224 .swiper-button-next:hover {background: none;border: none;font-size: 30px;}#sp-wp-carousel-free-id-224.sp-wpcp-224 .swiper-button-prev i,#sp-wp-carousel-free-id-224.sp-wpcp-224 .swiper-button-next i {color: #aaa;}#sp-wp-carousel-free-id-224.sp-wpcp-224 .swiper-button-prev i:hover,#sp-wp-carousel-free-id-224.sp-wpcp-224 .swiper-button-next i:hover {color: #178087;}#sp-wp-carousel-free-id-224.sp-wpcp-224 .wpcp-swiper-dots .swiper-pagination-bullet {background-color: #cccccc;}#sp-wp-carousel-free-id-224.sp-wpcp-224 .wpcp-swiper-dots .swiper-pagination-bullet.swiper-pagination-bullet-active {background-color: #178087;}.wpcp-carousel-wrapper.wpcp-wrapper-224 .wpcpro-post-pagination{text-align: center;}.wpcp-wrapper-224 .wpcpro-post-pagination .page-numbers{color: #5e5e5e;border-color: #dddddd;background: #ffffff;}.wpcp-wrapper-224 .wpcpro-post-pagination .page-numbers:hover,.wpcp-wrapper-224 .wpcpro-post-pagination .page-numbers.current,.wpcp-wrapper-224 .wpcpro-post-pagination .page-numbers.current{color: #ffffff;border-color: #178087;background: #178087;} #sp-wp-carousel-free-id-224.sp-wpcp-224.wpcp-image-carousel .wpcp-single-item:hover img, #sp-wp-carousel-free-id-224.sp-wpcp-224.wpcp-post-carousel .wpcp-single-item:hover img, #sp-wp-carousel-free-id-224.sp-wpcp-224.wpcp-product-carousel .wpcp-single-item:hover img{-webkit-transform: scale(1.2);-moz-transform: scale(1.2);transform: scale(1.2);}.wpcp-carousel-wrapper #sp-wp-carousel-free-id-224.wpcp-post-carousel .wpcp-single-item {background: #f9f9f9;}#sp-wp-carousel-free-id-224 .wpcpro-row>[class*=\"wpcpro-col-\"] { padding: 0 10px; padding-bottom: 20px;} #sp-wp-carousel-free-id-224 .swiper-slide .single-item-fade:not(:last-child) { margin-right: 20px;}@media (min-width: 480px) { .wpcpro-row .wpcpro-col-sm-1 { flex: 0 0 100%; max-width: 100%; } .wpcpro-row .wpcpro-col-sm-2 { flex: 0 0 50%; max-width: 50%; } .wpcpro-row .wpcpro-col-sm-2-5 { flex: 0 0 75%; max-width: 75%; } .wpcpro-row .wpcpro-col-sm-3 { flex: 0 0 33.333%; max-width: 33.333%; } .wpcpro-row .wpcpro-col-sm-4 { flex: 0 0 25%; max-width: 25%; } .wpcpro-row .wpcpro-col-sm-5 { flex: 0 0 20%; max-width: 20%; } .wpcpro-row .wpcpro-col-sm-6 { flex: 0 0 16.66666666666667%; max-width: 16.66666666666667%; } .wpcpro-row .wpcpro-col-sm-7 { flex: 0 0 14.28571428%; max-width: 14.28571428%; } .wpcpro-row .wpcpro-col-sm-8 { flex: 0 0 12.5%; max-width: 12.5%; } } @media (max-width: 480px) { .wpcpro-row .wpcpro-col-xs-1 { flex: 0 0 100%; max-width: 100%; } .wpcpro-row .wpcpro-col-xs-2 { flex: 0 0 50%; max-width: 50%; } .wpcpro-row .wpcpro-col-xs-3 { flex: 0 0 33.222%; max-width: 33.222%; } .wpcpro-row .wpcpro-col-xs-4 { flex: 0 0 25%; max-width: 25%; } .wpcpro-row .wpcpro-col-xs-5 { flex: 0 0 20%; max-width: 20%; } .wpcpro-row .wpcpro-col-xs-6 { flex: 0 0 16.6667%; max-width: 16.6667%; } .wpcpro-row .wpcpro-col-xs-7 { flex: 0 0 14.28571428%; max-width: 14.28571428%; } .wpcpro-row .wpcpro-col-xs-8 { flex: 0 0 12.5%; max-width: 12.5%; } } @media (min-width: 736px) { .wpcpro-row .wpcpro-col-md-1 { flex: 0 0 100%; max-width: 100%; } .wpcpro-row .wpcpro-col-md-2 { flex: 0 0 50%; max-width: 50%; } .wpcpro-row .wpcpro-col-md-2-5 { flex: 0 0 75%; max-width: 75%; } .wpcpro-row .wpcpro-col-md-3 { flex: 0 0 33.333%; max-width: 33.333%; } .wpcpro-row .wpcpro-col-md-4 { flex: 0 0 25%; max-width: 25%; } .wpcpro-row .wpcpro-col-md-5 { flex: 0 0 20%; max-width: 20%; } .wpcpro-row .wpcpro-col-md-6 { flex: 0 0 16.66666666666667%; max-width: 16.66666666666667%; } .wpcpro-row .wpcpro-col-md-7 { flex: 0 0 14.28571428%; max-width: 14.28571428%; } .wpcpro-row .wpcpro-col-md-8 { flex: 0 0 12.5%; max-width: 12.5%; } } @media (min-width: 980px) { .wpcpro-row .wpcpro-col-lg-1 { flex: 0 0 100%; max-width: 100%; } .wpcpro-row .wpcpro-col-lg-2 { flex: 0 0 50%; max-width: 50%; } .wpcpro-row .wpcpro-col-lg-3 { flex: 0 0 33.222%; max-width: 33.222%; } .wpcpro-row .wpcpro-col-lg-4 { flex: 0 0 25%; max-width: 25%; } .wpcpro-row .wpcpro-col-lg-5 { flex: 0 0 20%; max-width: 20%; } .wpcpro-row .wpcpro-col-lg-6 { flex: 0 0 16.6667%; max-width: 16.6667%; } .wpcpro-row .wpcpro-col-lg-7 { flex: 0 0 14.28571428%; max-width: 14.28571428%; } .wpcpro-row .wpcpro-col-lg-8 { flex: 0 0 12.5%; max-width: 12.5%; } } @media (min-width: 1200px) { .wpcpro-row .wpcpro-col-xl-1 { flex: 0 0 100%; max-width: 100%; } .wpcpro-row .wpcpro-col-xl-2 { flex: 0 0 50%; max-width: 50%; } .wpcpro-row .wpcpro-col-xl-3 { flex: 0 0 33.22222222%; max-width: 33.22222222%; } .wpcpro-row .wpcpro-col-xl-4 { flex: 0 0 25%; max-width: 25%; } .wpcpro-row .wpcpro-col-xl-5 { flex: 0 0 20%; max-width: 20%; } .wpcpro-row .wpcpro-col-xl-6 { flex: 0 0 16.66667%; max-width: 16.66667%; } .wpcpro-row .wpcpro-col-xl-7 { flex: 0 0 14.28571428%; max-width: 14.28571428%; } .wpcpro-row .wpcpro-col-xl-8 { flex: 0 0 12.5%; max-width: 12.5%; } }<\/style><div class=\"wpcp-carousel-wrapper wpcp-wrapper-224\">\n\t<h2 class=\"sp-wpcpro-section-title\"> &#8220;I Plan to Remain a Child Forever&#8221; <\/h2>\n<div id=\"wpcp-preloader-224\" class=\"wpcp-carousel-preloader\"><img decoding=\"async\" src=\"https:\/\/www.srpaleta.com\/wp-content\/plugins\/wp-carousel-free\/public\/css\/spinner.svg\" alt=\"Preloader Image\" \/><\/div>\t<div id=\"sp-wp-carousel-free-id-224\" class=\"wpcp-carousel-section sp-wpcp-224 wpcp-gallery-wrapper wpcp-post-carousel wpcp-preloader\" >\n\t\t<div class=\"wpcpro-row\">\n\t\t\t<h2 class=\"wpcp-no-post-found\" >No posts found<\/h2>\t\t<\/div>\n\t<\/div>\n\t<\/div> <!-- \/\/ Carousel Wrapper. -->\n\n<p>&nbsp;<\/p>\n<audio class=\"wp-audio-shortcode\" id=\"audio-149-1\" autoplay preload=\"none\" style=\"width: 100%;\" controls=\"controls\"><source type=\"audio\/mpeg\" src=\"https:\/\/www.srpaleta.com\/wp-content\/uploads\/2018\/03\/sc.mp3?_=1\" \/><a href=\"https:\/\/www.srpaleta.com\/wp-content\/uploads\/2018\/03\/sc.mp3\">https:\/\/www.srpaleta.com\/wp-content\/uploads\/2018\/03\/sc.mp3<\/a><\/audio>\n","protected":false},"excerpt":{"rendered":"<p>August 4, 2016. Syria. So far, so close. Far geographically, but close to our children by suffering they are currently going through. Unfortunately, our children had been affected by war decades ago. But unlike our children, Syrian children are born warriors. Destined by their place of birth, they are warriors\u2026<\/p>\n<p> <a class=\"continue-reading-link\" href=\"https:\/\/www.srpaleta.com\/de\/planiram-da-zauvijek-ostanem-dijete\/\"><span>Continue reading<\/span><i class=\"crycon-right-dir\"><\/i><\/a> <\/p>\n","protected":false},"author":1,"featured_media":0,"parent":0,"menu_order":0,"comment_status":"closed","ping_status":"closed","template":"","meta":{"footnotes":""},"class_list":["post-149","page","type-page","status-publish","hentry"],"translation":{"provider":"WPGlobus","version":"3.0.2","language":"de","enabled_languages":["en","sr","de"],"languages":{"en":{"title":true,"content":true,"excerpt":false},"sr":{"title":false,"content":false,"excerpt":false},"de":{"title":false,"content":false,"excerpt":false}}},"_links":{"self":[{"href":"https:\/\/www.srpaleta.com\/de\/wp-json\/wp\/v2\/pages\/149","targetHints":{"allow":["GET"]}}],"collection":[{"href":"https:\/\/www.srpaleta.com\/de\/wp-json\/wp\/v2\/pages"}],"about":[{"href":"https:\/\/www.srpaleta.com\/de\/wp-json\/wp\/v2\/types\/page"}],"author":[{"embeddable":true,"href":"https:\/\/www.srpaleta.com\/de\/wp-json\/wp\/v2\/users\/1"}],"replies":[{"embeddable":true,"href":"https:\/\/www.srpaleta.com\/de\/wp-json\/wp\/v2\/comments?post=149"}],"version-history":[{"count":24,"href":"https:\/\/www.srpaleta.com\/de\/wp-json\/wp\/v2\/pages\/149\/revisions"}],"predecessor-version":[{"id":235,"href":"https:\/\/www.srpaleta.com\/de\/wp-json\/wp\/v2\/pages\/149\/revisions\/235"}],"wp:attachment":[{"href":"https:\/\/www.srpaleta.com\/de\/wp-json\/wp\/v2\/media?parent=149"}],"curies":[{"name":"wp","href":"https:\/\/api.w.org\/{rel}","templated":true}]}}